{"id":16482,"date":"2026-04-19T23:46:25","date_gmt":"2026-04-19T23:46:25","guid":{"rendered":"https:\/\/wworks.com.tr\/babi\/?post_type=product&#038;p=16482"},"modified":"2026-04-23T17:38:59","modified_gmt":"2026-04-23T17:38:59","slug":"sandalwood-seramik-mum","status":"publish","type":"product","link":"https:\/\/wworks.com.tr\/babi\/urun\/sandalwood-seramik-mum\/","title":{"rendered":"Sandalwood &#8211; Seramik Mum"},"content":{"rendered":"<div><strong>%100 soya<\/strong> mumu-u\u00e7ucu ya\u011flar-IFRA sertifikal\u0131 esanslar.<\/div>\n<div>Ferah canland\u0131r\u0131c\u0131 ve nostaljik bir klasik<\/div>\n<div><\/div>\n<div><strong>\u00dcst Notalar:<\/strong> Mandalina, limon<\/div>\n<div><strong>Orta Notalar:<\/strong> Yasemin<\/div>\n<div><strong>Alt Notalar:<\/strong> Sandal a\u011fac\u0131, sedir a\u011fac\u0131<\/div>\n","protected":false},"excerpt":{"rendered":"<p>%100 soya mumu-u\u00e7ucu ya\u011flar-IFRA sertifikal\u0131 esanslar. Ferah canland\u0131r\u0131c\u0131 ve nostaljik bir klasik \u00dcst Notalar: Mandalina, limon Orta Notalar: Yasemin Alt<\/p>\n","protected":false},"featured_media":16468,"comment_status":"open","ping_status":"closed","template":"","meta":[],"product_brand":[55],"product_cat":[95,36,34,37,98,46,18],"product_tag":[],"class_list":{"0":"post-16482","1":"product","2":"type-product","3":"status-publish","4":"has-post-thumbnail","6":"product_brand-babi-candles","7":"product_cat-kap-turu","8":"product_cat-kokular","9":"product_cat-mum","10":"product_cat-sandal-wood","11":"product_cat-seramik","12":"product_cat-seramik-mum","13":"product_cat-tum-urunler","15":"first","16":"instock","17":"sale","18":"featured","19":"shipping-taxable","20":"purchasable","21":"product-type-simple"},"_links":{"self":[{"href":"https:\/\/wworks.com.tr\/babi\/wp-json\/wp\/v2\/product\/16482","targetHints":{"allow":["GET"]}}],"collection":[{"href":"https:\/\/wworks.com.tr\/babi\/wp-json\/wp\/v2\/product"}],"about":[{"href":"https:\/\/wworks.com.tr\/babi\/wp-json\/wp\/v2\/types\/product"}],"replies":[{"embeddable":true,"href":"https:\/\/wworks.com.tr\/babi\/wp-json\/wp\/v2\/comments?post=16482"}],"version-history":[{"count":4,"href":"https:\/\/wworks.com.tr\/babi\/wp-json\/wp\/v2\/product\/16482\/revisions"}],"predecessor-version":[{"id":16720,"href":"https:\/\/wworks.com.tr\/babi\/wp-json\/wp\/v2\/product\/16482\/revisions\/16720"}],"wp:featuredmedia":[{"embeddable":true,"href":"https:\/\/wworks.com.tr\/babi\/wp-json\/wp\/v2\/media\/16468"}],"wp:attachment":[{"href":"https:\/\/wworks.com.tr\/babi\/wp-json\/wp\/v2\/media?parent=16482"}],"wp:term":[{"taxonomy":"product_brand","embeddable":true,"href":"https:\/\/wworks.com.tr\/babi\/wp-json\/wp\/v2\/product_brand?post=16482"},{"taxonomy":"product_cat","embeddable":true,"href":"https:\/\/wworks.com.tr\/babi\/wp-json\/wp\/v2\/product_cat?post=16482"},{"taxonomy":"product_tag","embeddable":true,"href":"https:\/\/wworks.com.tr\/babi\/wp-json\/wp\/v2\/product_tag?post=16482"}],"curies":[{"name":"wp","href":"https:\/\/api.w.org\/{rel}","templated":true}]}}