{"id":16622,"date":"2026-04-20T16:19:00","date_gmt":"2026-04-20T16:19:00","guid":{"rendered":"https:\/\/wworks.com.tr\/babi\/?post_type=product&#038;p=16622"},"modified":"2026-04-23T17:38:59","modified_gmt":"2026-04-23T17:38:59","slug":"cedarwood-seramik-mum-5","status":"publish","type":"product","link":"https:\/\/wworks.com.tr\/babi\/urun\/cedarwood-seramik-mum-5\/","title":{"rendered":"Cedarwood &#8211; Seramik Mum"},"content":{"rendered":"<div><strong>%100 soya<\/strong> mumu-u\u00e7ucu ya\u011flar-IFRA sertifikal\u0131 esanslar.<\/div>\n<div>Mistik ve odunsu kokular\u0131n beyaz \u00e7i\u00e7ekler ve sedir a\u011fac\u0131yla bulu\u015fmas\u0131<\/div>\n<div><\/div>\n<div><strong>\u00dcst Notalar:<\/strong> Papatya<\/div>\n<div><strong>Orta Notalar:<\/strong> Yasemin, me\u015fe yosunu<\/div>\n<div><strong>Alt Notalar:<\/strong> sedir a\u011fac\u0131, sandal a\u011fac\u0131<\/div>\n","protected":false},"excerpt":{"rendered":"<p>%100 soya mumu-u\u00e7ucu ya\u011flar-IFRA sertifikal\u0131 esanslar. Mistik ve odunsu kokular\u0131n beyaz \u00e7i\u00e7ekler ve sedir a\u011fac\u0131yla bulu\u015fmas\u0131 \u00dcst Notalar: Papatya Orta<\/p>\n","protected":false},"featured_media":16620,"comment_status":"open","ping_status":"closed","template":"","meta":[],"product_brand":[55],"product_cat":[41,95,36,34,98,46,18],"product_tag":[],"class_list":{"0":"post-16622","1":"product","2":"type-product","3":"status-publish","4":"has-post-thumbnail","6":"product_brand-babi-candles","7":"product_cat-cedar-wood","8":"product_cat-kap-turu","9":"product_cat-kokular","10":"product_cat-mum","11":"product_cat-seramik","12":"product_cat-seramik-mum","13":"product_cat-tum-urunler","15":"first","16":"instock","17":"sale","18":"featured","19":"shipping-taxable","20":"purchasable","21":"product-type-simple"},"_links":{"self":[{"href":"https:\/\/wworks.com.tr\/babi\/wp-json\/wp\/v2\/product\/16622","targetHints":{"allow":["GET"]}}],"collection":[{"href":"https:\/\/wworks.com.tr\/babi\/wp-json\/wp\/v2\/product"}],"about":[{"href":"https:\/\/wworks.com.tr\/babi\/wp-json\/wp\/v2\/types\/product"}],"replies":[{"embeddable":true,"href":"https:\/\/wworks.com.tr\/babi\/wp-json\/wp\/v2\/comments?post=16622"}],"version-history":[{"count":2,"href":"https:\/\/wworks.com.tr\/babi\/wp-json\/wp\/v2\/product\/16622\/revisions"}],"predecessor-version":[{"id":16727,"href":"https:\/\/wworks.com.tr\/babi\/wp-json\/wp\/v2\/product\/16622\/revisions\/16727"}],"wp:featuredmedia":[{"embeddable":true,"href":"https:\/\/wworks.com.tr\/babi\/wp-json\/wp\/v2\/media\/16620"}],"wp:attachment":[{"href":"https:\/\/wworks.com.tr\/babi\/wp-json\/wp\/v2\/media?parent=16622"}],"wp:term":[{"taxonomy":"product_brand","embeddable":true,"href":"https:\/\/wworks.com.tr\/babi\/wp-json\/wp\/v2\/product_brand?post=16622"},{"taxonomy":"product_cat","embeddable":true,"href":"https:\/\/wworks.com.tr\/babi\/wp-json\/wp\/v2\/product_cat?post=16622"},{"taxonomy":"product_tag","embeddable":true,"href":"https:\/\/wworks.com.tr\/babi\/wp-json\/wp\/v2\/product_tag?post=16622"}],"curies":[{"name":"wp","href":"https:\/\/api.w.org\/{rel}","templated":true}]}}